{"id":484,"date":"2025-11-26T07:05:11","date_gmt":"2025-11-26T07:05:11","guid":{"rendered":"https:\/\/ningjingqigong.com\/a-ningjing-osvenyen\/"},"modified":"2026-02-23T16:40:36","modified_gmt":"2026-02-23T16:40:36","slug":"rolam","status":"publish","type":"page","link":"https:\/\/ningjingqigong.com\/hu\/rolam\/","title":{"rendered":"A Ningcsing \u00e9s \u00c9n"},"content":{"rendered":"<div class=\"et_pb_section_0 et_pb_section et_section_regular et_flex_section et_animated\">\n<div class=\"et_pb_row_0 et_pb_row et_flex_row\">\n<div class=\"et_pb_column_0 et_pb_column et-last-child et_flex_column et_pb_css_mix_blend_mode_passthrough et_flex_column_24_24 et_flex_column_24_24_tablet et_flex_column_24_24_phone\">\n<div class=\"et_pb_heading_0 et_pb_heading et_pb_module et_flex_module\"><div class=\"et_pb_heading_container\"><h1 class=\"et_pb_module_header\"> A Ningcsing \u00e9s \u00c9n<\/h1><\/div><\/div>\n\n<div class=\"et_pb_heading_1 et_pb_heading et_pb_module et_flex_module\"><div class=\"et_pb_heading_container\"><h2 class=\"et_pb_module_header\"> szem\u00e9lyes t\u00f6rt\u00e9netem<\/h2><\/div><\/div>\n\n<div class=\"et_pb_text_0 et_pb_text et_pb_bg_layout_light et_pb_module et_flex_module\"><div class=\"et_pb_text_inner\"><p>\u00dcdv\u00f6z\u00f6llek.<br data-start=\"291\" data-end=\"294\">G\u00f3ra Edina vagyok, a Ningcsing \"Nagyk\u00f6vete\" \u00e9s tan\u00edt\u00f3ja.<br \/>Ha szeretn\u00e9d tudni, honnan indult a k\u00f6z\u00f6s utam a Ningcsinggel, mes\u00e9lek kicsit r\u00f3la.<\/p>\n<\/div><\/div>\n<\/div>\n<\/div>\n<\/div>\n\n<div class=\"et_pb_section_1 et_pb_section et_section_regular et_flex_section\">\n<div class=\"et_pb_row_1 et_pb_row et_flex_row\">\n<div class=\"et_pb_column_1 et_pb_column et_flex_column et_pb_css_mix_blend_mode_passthrough et_flex_column_12_24 et_flex_column_12_24_tablet et_flex_column_24_24_phone\">\n<div class=\"et_pb_text_1 et_pb_text et_pb_bg_layout_light et_pb_module et_flex_module\"><div class=\"et_pb_text_inner\"><h3><b>\u00d6szt\u00f6n\u00f6s indul\u00e1s<\/b><\/h3>\n<p><span style=\"font-weight: 400;\">Vel\u00fcnk sz\u00fcletett adotts\u00e1g, hogy kapcsol\u00f3dni akarunk a vil\u00e1ghoz, amely k\u00f6r\u00fclvesz benn\u00fcnket. Velem sem volt ez m\u00e1sk\u00e9pp. A k\u00fcls\u0151 vil\u00e1g mellett azonban hamar megmutatkozott egy m\u00e1sik, amely csak befel\u00e9 figyelve v\u00e1lt \u00e9rz\u00e9kelhet\u0151v\u00e9. Egy bels\u0151 t\u00e9r, ahov\u00e1 gyakran visszah\u00faz\u00f3dtam \u2014 belemer\u00fclve a k\u00e9pek, \u00e9rzetek \u00e9s fant\u00e1zi\u00e1k finom, megnyugtat\u00f3 vil\u00e1g\u00e1ba.   <\/span><\/p>\n<p>Kilenc\u00e9ves voltam, amikor kezembe ker\u00fclt a<i> Sport \u00e9s J\u00f3ga<\/i> k\u00f6nyv Yesudi\u00e1nt\u00f3l. A furcsa testtart\u00e1sokat ut\u00e1noz\u00f3 j\u00e1t\u00e9k \u00e9s ismerked\u00e9s a j\u00f3g\u00e1val nem maradt velem sok\u00e1ig, de egy mondat bel\u00e9m iv\u00f3dott:<\/p>\n<blockquote>\n<p><em><b>\"A legnagyobb baj: nem tudunk l\u00e9lekzeni! \"<\/b><\/em><\/p>\n<\/blockquote>\n<p><span style=\"font-weight: 400;\">Figyelni kezdtem a saj\u00e1t l\u00e9gz\u00e9semre, \u00e9s sz\u00e1nd\u00e9kosan visszatan\u00edtottam a testemet a hasi l\u00e9gz\u00e9sre. Mozdulatokat tal\u00e1ltam ki, a l\u00e9gz\u00e9ssel \u00f6sszek\u00f6tve \u2014 \u00e9s valami kiny\u00edlt. A mozdulatok \u00e9s a leveg\u0151 ritmusa vezetett; belefeledkezve a pillanatba, egyszerre kapcsol\u00f3dva a k\u00f6r\u00fcl\u00f6ttem megnyilv\u00e1nul\u00f3 \u00e9s a saj\u00e1t bels\u0151 vil\u00e1gomhoz.  <\/span><\/p>\n<\/div><\/div>\n<\/div>\n\n<div class=\"et_pb_column_2 et_pb_column et-last-child et_flex_column et_pb_css_mix_blend_mode_passthrough et_flex_column_12_24 et_flex_column_12_24_tablet et_flex_column_24_24_phone\">\n<div class=\"et_pb_text_2 et_pb_text et_pb_bg_layout_light et_pb_module et_flex_module\"><div class=\"et_pb_text_inner\"><h3><b>Tudatos tanul\u00e1s<\/b><\/h3>\n<p><span style=\"font-weight: 400;\">2001-ben m\u00e9lypontra ker\u00fcltem, \u00e9s ekkor tal\u00e1lkoztam el\u0151sz\u00f6r \u201chivatalosan\u201d a csikunggal. A tanfolyam els\u0151 napj\u00e1n d\u00f6bbentem r\u00e1, hogy amit gyerekkorom \u00f3ta csin\u00e1ltam, az val\u00f3j\u00e1ban csikung volt \u2014 csak nem tudtam a nev\u00e9t. <br \/> Az egyre tudatosabb\u00e1 v\u00e1l\u00f3 gyakorl\u00e1s \u00e9s a kiboml\u00f3 \u00e9rz\u00e9kel\u00e9s vezetett vissza az \u00e9letbe.<br \/> <\/span><\/p>\n<p><span style=\"font-weight: 400;\">Ahogy a testem a l\u00e9gz\u00e9st \u00e9s a figyelmet gyakorolta, a tudatom is elkezdett mag\u00e1t \u00fajrarendezni. <\/span><\/p>\n<blockquote>\n<p><em><strong>Megtanultam csendben lenni, \u00e9s ebben a csendben olyan tud\u00e1s jelent meg, amelyet nem k\u00f6nyvekb\u0151l \u00e9s tan\u00edt\u00e1sokb\u00f3l, hanem tapasztalaton kereszt\u00fcl lehet csak elsaj\u00e1t\u00edtani.<\/strong><\/em><\/p>\n<\/blockquote>\n<p><span style=\"font-weight: 400;\">Sok\u00e1ig azt hittem, hogy valami misztikumot tal\u00e1ltam.<\/span><span style=\"font-weight: 400;\"><br \/><\/span><span style=\"font-weight: 400;\"> Ma m\u00e1r tudom, hogy ez term\u00e9szetes emberi k\u00e9pess\u00e9g, amelyb\u0151l a modern, \u00e9s t\u00falzottan Jang fel\u00e9 elbillent vil\u00e1gunk lassan kinevelt benn\u00fcnket.<\/span><\/p>\n<\/div><\/div>\n<\/div>\n<\/div>\n\n<div class=\"et_pb_row_2 et_pb_row et_flex_row\">\n<div class=\"et_pb_column_3 et_pb_column et_flex_column et_pb_css_mix_blend_mode_passthrough et_flex_column_12_24 et_flex_column_12_24_tablet et_flex_column_24_24_phone\">\n<div class=\"et_pb_image_0 et_pb_image et_pb_module et_flex_module\"><span class=\"et_pb_image_wrap\"><img decoding=\"async\" data-src=\"https:\/\/ningjingqigong.com\/wp-content\/uploads\/2025\/11\/teide-szika-portre-1000-1-1.webp\" width=\"1125\" height=\"1126\" data-srcset=\"https:\/\/ningjingqigong.com\/wp-content\/uploads\/2025\/11\/teide-szika-portre-1000-1-1.webp 1125w, https:\/\/ningjingqigong.com\/wp-content\/uploads\/2025\/11\/teide-szika-portre-1000-1-1-980x981.webp 980w, https:\/\/ningjingqigong.com\/wp-content\/uploads\/2025\/11\/teide-szika-portre-1000-1-1-480x480.webp 480w\" data-sizes=\"(min-width: 0px) and (max-width: 480px) 480px, (min-width: 481px) and (max-width: 980px) 980px, (min-width: 981px) 1125px, 100vw\" class=\"wp-image-313 lazyload\" src=\"data:image\/svg+xml;base64,PHN2ZyB3aWR0aD0iMSIgaGVpZ2h0PSIxIiB4bWxucz0iaHR0cDovL3d3dy53My5vcmcvMjAwMC9zdmciPjwvc3ZnPg==\" style=\"--smush-placeholder-width: 1125px; --smush-placeholder-aspect-ratio: 1125\/1126;\" \/><\/span><\/div>\n<\/div>\n\n<div class=\"et_pb_column_4 et_pb_column et-last-child et_flex_column et_pb_css_mix_blend_mode_passthrough et_flex_column_12_24 et_flex_column_12_24_tablet et_flex_column_24_24_phone\">\n<div class=\"et_pb_text_3 et_pb_text et_pb_bg_layout_light et_pb_module et_flex_module\"><div class=\"et_pb_text_inner\"><h3><b>Fejl\u0151d\u00e9s \u00e9s \u00e1tad\u00e1s<\/b><\/h3>\n<p>T\u00f6bb mint h\u00fasz \u00e9ve gyakorlok \u00e9s nyitogatom azokat az ajt\u00f3kat, amelyek t\u00e1g\u00edtj\u00e1k az \u00e9rz\u00e9kel\u00e9st elvezetve engem a \u201cl\u00e9lekz\u00e9sen\u201d \u00e1t a Kapcsol\u00f3d\u00f3 Jelenl\u00e9tig. <br \/>Tanulok \u00e9s tan\u00edtok. N\u00e9ha visszavonulok, majd \u00fajra \u00e1tadok. A Ningjing ebben a folyamatban sz\u00fcletett: nem technika, hanem a Jin min\u0151s\u00e9g term\u00e9szetes kibontakoz\u00e1sa.<\/p>\n<p><span style=\"font-weight: 400;\">Az \u00e9vek sor\u00e1n ez az \u00fat egyre ink\u00e1bb a szakr\u00e1lis ter\u00fclet\u2013sz\u00edv\u2013tudat tengelyre ny\u00edlt: <\/span><span style=\"font-weight: 400;\">arra a n\u0151i min\u0151s\u00e9gre, amely nem \u201egy\u00f3gy\u00edt\u201d, nem akar megjav\u00edtani semmit, hanem visszah\u00edv term\u00e9szetes ritmusunkba.<\/span><\/p>\n<p><span style=\"font-weight: 400;\">Nem trad\u00edci\u00f3t \u0151rz\u00f6k, \u00e9s nem k\u00edv\u00e1nok \u201everetes rendszert\u201d l\u00e9trehozni.<\/span><br \/><span style=\"font-weight: 400;\">Csak azt adom tov\u00e1bb, ami bennem igaznak bizonyult:<\/span><br \/>a csendb\u0151l sz\u00fclet\u0151 Kapcsol\u00f3d\u00f3 Jelenl\u00e9tet \u2014 \u00e9s az ide vezet\u0151 utat.<\/p>\n<blockquote>\n<p><em><strong>Ha mindez megsz\u00f3l\u00edtott, \u00e9rdemes lehet elindulnod ezen az \u00faton \u2014 hogy term\u00e9szetes k\u00e9pess\u00e9geid \u00e9s a benned rejl\u0151 \u00e9rt\u00e9kek egyre szabadabban kibontakozhassanak.<\/strong><\/em><\/p>\n<\/blockquote>\n<\/div><\/div>\n\n<div class=\"et_pb_module et_pb_button_module_wrapper et_pb_button_0_wrapper\"><a class=\"et_pb_button_0 et_pb_button et_pb_bg_layout_light et_pb_module et_flex_module\" href=\"https:\/\/ningjingqigong.com\/hu\/ningcsing-csikung-alaptanfolyam\/\">Kezdd az alaptanfolyammal!<\/a><\/div>\n<\/div>\n<\/div>\n\n<div class=\"et_pb_row_3 et_pb_row et_flex_row\">\n<div class=\"et_pb_column_5 et_pb_column et-last-child et_flex_column et_pb_css_mix_blend_mode_passthrough et_flex_column_24_24 et_flex_column_24_24_tablet et_flex_column_24_24_phone\">\n<div class=\"et_pb_toggle_0 et_pb_toggle et_pb_toggle_item et_pb_toggle_close et_pb_module et_flex_module\"><h5 class=\"et_pb_toggle_title\">K\u00c9PZ\u00c9SEK \u00c9S V\u00c9GZETTS\u00c9GEK<\/h5><div class=\"et_pb_toggle_content clearfix et_flex_module\"><p data-start=\"288\" data-end=\"387\"><strong data-start=\"288\" data-end=\"326\">2021 \u2013 Sch\u00fcssler s\u00f3k alkalmaz\u00e1sa<\/strong><br data-start=\"326\" data-end=\"329\"><em data-start=\"329\" data-end=\"387\">Konnekt\u00edv Feln\u0151ttk\u00e9pz\u0151 \u2013 kreditpontos tov\u00e1bbk\u00e9pz\u00e9s<\/em><\/p>\n<p data-start=\"389\" data-end=\"480\"><strong data-start=\"389\" data-end=\"419\">2021 \u2013 Bach Vir\u00e1gter\u00e1pia<\/strong><br data-start=\"419\" data-end=\"422\"><em data-start=\"422\" data-end=\"480\">Konnekt\u00edv Feln\u0151ttk\u00e9pz\u0151 \u2013 kreditpontos tov\u00e1bbk\u00e9pz\u00e9s<\/em><\/p>\n<p data-start=\"482\" data-end=\"574\"><strong data-start=\"482\" data-end=\"517\">2020 \u2013 A Seg\u00edt\u0151 Besz\u00e9lget\u00e9s<\/strong><br data-start=\"517\" data-end=\"520\"><em data-start=\"520\" data-end=\"574\">Dr. Koll\u00e1r J\u00e1nos \u2013 szakmacsoportos tov\u00e1bbk\u00e9pz\u00e9s<\/em><\/p>\n<p data-start=\"576\" data-end=\"688\"><strong data-start=\"576\" data-end=\"611\">2020 \u2013 \u00dajra\u00e9leszt\u00e9s \u00dajragondolva<\/strong><br data-start=\"611\" data-end=\"614\"><em data-start=\"614\" data-end=\"688\">MESZK\u2013 elm\u00e9leti tov\u00e1bbk\u00e9pz\u00e9s<\/em><\/p>\n<p data-start=\"690\" data-end=\"821\"><strong data-start=\"690\" data-end=\"767\">2020 \u2013 Magn\u00e9zium jelent\u0151s\u00e9ge az idegrendszeri \u00e9s pszich\u00e9s k\u00f3rk\u00e9pekben<\/strong><br data-start=\"767\" data-end=\"770\"><em data-start=\"770\" data-end=\"821\">Dr. Zita Csomai \u2013 kreditpontos tov\u00e1bbk\u00e9pz\u00e9s<\/em><\/p>\n<p data-start=\"823\" data-end=\"934\"><strong data-start=\"823\" data-end=\"880\">2020 \u2013 N\u0151gy\u00f3gy\u00e1szati probl\u00e9m\u00e1k holisztikus megk\u00f6zel\u00edt\u00e9se<\/strong><br data-start=\"880\" data-end=\"883\"><em data-start=\"883\" data-end=\"934\">Dr. Zita Csomai \u2013 kreditpontos tov\u00e1bbk\u00e9pz\u00e9s<\/em><\/p>\n<p data-start=\"936\" data-end=\"1046\"><strong data-start=\"936\" data-end=\"987\">2016 \u2013 Alternat\u00edv Massz\u00e1zs- \u00e9s Mozg\u00e1sterapeuta<\/strong><br data-start=\"987\" data-end=\"990\"><em data-start=\"990\" data-end=\"1046\">ENKK szakvizsga \u2013 k\u00e9pz\u00e9s: Konnekt\u00edv Feln\u0151ttk\u00e9pz\u0151<\/em><\/p>\n<p data-start=\"1048\" data-end=\"1158\"><strong data-start=\"1048\" data-end=\"1091\">2011 \u2013 Rendszerszeml\u00e9let\u0171 Megold\u00e1sorient\u00e1lt Coach<\/strong><br data-start=\"1091\" data-end=\"1094\"><em data-start=\"1094\" data-end=\"1158\">Akkredit\u00e1lt Coach k\u00e9pz\u00e9s \/ Lemma Coaching Wiesner Edit vezet\u00e9s\u00e9vel<\/em><\/p>\n<p data-start=\"1160\" data-end=\"1270\"><strong data-start=\"1160\" data-end=\"1228\">2008 \u2013 Sorsmodellez\u00e9s \u2013 akkredit\u00e1lt csal\u00e1d\u00e1ll\u00edt\u00f3 k\u00e9pz\u00e9s<\/strong><br data-start=\"1228\" data-end=\"1231\"><em data-start=\"1231\" data-end=\"1270\">K\u00f6vesdi Krisztina pszichol\u00f3gus vezet\u00e9s\u00e9vel<\/em><\/p>\n<p data-start=\"1272\" data-end=\"1373\"><strong data-start=\"1272\" data-end=\"1321\">2007 \u2013 Peter Hess Hangmassz\u0151r bizony\u00edtv\u00e1ny<\/strong><br data-start=\"1321\" data-end=\"1324\"><em data-start=\"1324\" data-end=\"1373\">Peter Hess Akad\u00e9mia \u2013 Radnai Zsuzsanna<\/em><\/p>\n<p data-start=\"1375\" data-end=\"1463\"><strong data-start=\"1375\" data-end=\"1411\">2007 \u2013 Akupressz\u0151r szakvizsga<\/strong><br data-start=\"1411\" data-end=\"1414\"><em data-start=\"1414\" data-end=\"1463\">ETI \u2013 Dr. E\u0151ry Aj\u00e1ndok <\/em><\/p>\n<p data-start=\"1465\" data-end=\"1542\"><strong data-start=\"1465\" data-end=\"1500\">2006 \u2013 Tradicion\u00e1lis Thai Massz\u00e1zs k\u00e9pz\u00e9s<\/strong><br data-start=\"1500\" data-end=\"1503\"><em data-start=\"1503\" data-end=\"1542\">Holisztikus K\u00f6zpont<\/em><\/p>\n<p data-start=\"1544\" data-end=\"1623\"><strong data-start=\"1544\" data-end=\"1580\">2006 \u2013 Term\u00e9szetgy\u00f3gy\u00e1sz vizsga <\/strong><br data-start=\"1580\" data-end=\"1583\"><em data-start=\"1583\" data-end=\"1623\">ETI \u2013 Holisztikus K\u00f6zpont<\/em><\/p>\n<p data-start=\"1625\" data-end=\"1722\"><strong data-start=\"1625\" data-end=\"1672\">2006 \u2013 Eg\u00e9szs\u00e9g\u00fcgyi vizsga<\/strong><br data-start=\"1672\" data-end=\"1675\"><em data-start=\"1675\" data-end=\"1722\">ETI) \u2013Dr. Veress J\u00e1nos<\/em><\/p>\n<p data-start=\"1724\" data-end=\"1826\"><strong data-start=\"1724\" data-end=\"1788\">2005 \u2013 Csung J\u00fcan Csikung Nemzetk\u00f6zi Oktat\u00f3i Vizsga<\/strong><br data-start=\"1788\" data-end=\"1791\"><em data-start=\"1791\" data-end=\"1826\">Xu Mingtang Nagymester<\/em><\/p>\n<p data-start=\"1828\" data-end=\"1916\"><strong data-start=\"1828\" data-end=\"1861\">2004 \u2013 Az Eredeti Feng Shui<\/strong><br data-start=\"1861\" data-end=\"1864\"><em data-start=\"1864\" data-end=\"1916\">Blue Mountain Institute \u2013 Dr. Shan-Tung Hsu<\/em><\/p>\n<p data-start=\"1918\" data-end=\"2064\"><strong data-start=\"1918\" data-end=\"1961\">2001\u20132010 \u2013 Csung J\u00fcan Csikung K\u00e9pz\u00e9sek<\/strong><br data-start=\"1961\" data-end=\"1964\"><em data-start=\"1964\" data-end=\"2064\">Xu Mingtang Nagymester, Tamara Martinova \u00e9s Jelena Versenina mestern\u0151k, Kov\u00e1cs Lajos mester \u00e1ltal<\/em><\/p>\n<\/div><\/div>\n<\/div>\n<\/div>\n<\/div>","protected":false},"excerpt":{"rendered":"","protected":false},"author":1,"featured_media":0,"parent":0,"menu_order":0,"comment_status":"closed","ping_status":"closed","template":"","meta":{"pmpro_default_level":"","_price":"","_stock":"","_tribe_ticket_header":"","_tribe_default_ticket_provider":"","_tribe_ticket_capacity":"0","_ticket_start_date":"","_ticket_end_date":"","_tribe_ticket_show_description":"","_tribe_ticket_show_not_going":false,"_tribe_ticket_use_global_stock":"","_tribe_ticket_global_stock_level":"","_global_stock_mode":"","_global_stock_cap":"","_tribe_rsvp_for_event":"","_tribe_ticket_going_count":"","_tribe_ticket_not_going_count":"","_tribe_tickets_list":"[]","_tribe_ticket_has_attendee_info_fields":false,"footnotes":"","_tec_slr_enabled":"","_tec_slr_layout":""},"class_list":["post-484","page","type-page","status-publish","hentry","pmpro-has-access"],"aioseo_notices":[],"ticketed":false,"_links":{"self":[{"href":"https:\/\/ningjingqigong.com\/hu\/wp-json\/wp\/v2\/pages\/484","targetHints":{"allow":["GET"]}}],"collection":[{"href":"https:\/\/ningjingqigong.com\/hu\/wp-json\/wp\/v2\/pages"}],"about":[{"href":"https:\/\/ningjingqigong.com\/hu\/wp-json\/wp\/v2\/types\/page"}],"author":[{"embeddable":true,"href":"https:\/\/ningjingqigong.com\/hu\/wp-json\/wp\/v2\/users\/1"}],"replies":[{"embeddable":true,"href":"https:\/\/ningjingqigong.com\/hu\/wp-json\/wp\/v2\/comments?post=484"}],"version-history":[{"count":1,"href":"https:\/\/ningjingqigong.com\/hu\/wp-json\/wp\/v2\/pages\/484\/revisions"}],"predecessor-version":[{"id":282799,"href":"https:\/\/ningjingqigong.com\/hu\/wp-json\/wp\/v2\/pages\/484\/revisions\/282799"}],"wp:attachment":[{"href":"https:\/\/ningjingqigong.com\/hu\/wp-json\/wp\/v2\/media?parent=484"}],"curies":[{"name":"wp","href":"https:\/\/api.w.org\/{rel}","templated":true}]}}