{"id":1590,"date":"2026-01-17T15:14:10","date_gmt":"2026-01-17T15:14:10","guid":{"rendered":"https:\/\/ningjingqigong.com\/tagsagok\/"},"modified":"2026-01-30T21:45:26","modified_gmt":"2026-01-30T21:45:26","slug":"tagsagok","status":"publish","type":"page","link":"https:\/\/ningjingqigong.com\/hu\/tagsagok\/","title":{"rendered":"Tags\u00e1gok"},"content":{"rendered":"<div class=\"et_pb_section_0 et_pb_section et_section_regular et_block_section\">\n<div class=\"et_pb_row_0 et_pb_row et_flex_row et_animated\">\n<div class=\"et_pb_column_0 et_pb_column et-last-child et_flex_column et_pb_css_mix_blend_mode_passthrough et_flex_column_24_24 et_flex_column_24_24_tablet et_flex_column_24_24_phone\">\n<div class=\"et_pb_heading_0 et_pb_heading et_pb_module et_flex_module\"><div class=\"et_pb_heading_container\"><h1 class=\"et_pb_module_header\">Tags\u00e1gok<\/h1><\/div><\/div>\n<\/div>\n<\/div>\n\n<div class=\"et_pb_row_1 et_pb_row et_block_row\">\n<div class=\"et_pb_column_1 et_pb_column et_pb_column_4_4 et-last-child et_block_column et_pb_css_mix_blend_mode_passthrough\">\n<div class=\"et_pb_pricing_tables_0 et_pb_pricing_tables et_pb_pricing clearfix et_pb_pricing_1 et_pb_no_featured_in_first_row et_pb_module et_flex_module\">\n<div class=\"et_pb_pricing_table_0 et_pb_pricing_table et_pb_module et_flex_module et_flex_column_24_24 et_flex_column_24_24_tablet et_flex_column_24_24_phone\"><div class=\"et_pb_pricing_heading\"><h2 class=\"et_pb_pricing_title\">Ingyenes Tags\u00e1g<\/h2><span class=\"et_pb_best_value\">Exkluz\u00edv tartalmak \u2013 K\u00f6telezetts\u00e9gmentesen<\/span><\/div><div class=\"et_pb_pricing_content_top\"><div class=\"et_pb_et_price\"><span class=\"et_pb_dollar_sign\">\u20ac<\/span><span class=\"et_pb_sum\">0<\/span><\/div><\/div><div class=\"et_pb_pricing_content\"><ul class=\"et_pb_pricing\"><li><span> Iratkozz fel ingyenes tags\u00e1gunkra, \u00e9s hozz\u00e1f\u00e9r\u00e9st kapsz kiv\u00e1lasztott tartalmakhoz \u00e9s friss\u00edt\u00e9sekhez, teljesen ingyen.<\/span><\/li><li><span> T\u00f6k\u00e9letes megold\u00e1s, ha szeretn\u00e9l felfedezni, kapcsolatban maradni, \u00e9s megn\u00e9zni, hogy ez a hely megfelel\u0151-e sz\u00e1modra \u2013 k\u00f6telezetts\u00e9gek n\u00e9lk\u00fcl.<\/span><\/li><\/ul><\/div><div class=\"et_pb_button_wrapper\"><a class=\"et_pb_button et_pb_pricing_table_button\" href=\"https:\/\/ningjingqigong.com\/hu\/tagsag-fizetes\/?level=4\">Kiv\u00e1lasztom<\/a><\/div><\/div>\n<\/div>\n<\/div>\n<\/div>\n<\/div>","protected":false},"excerpt":{"rendered":"","protected":false},"author":1,"featured_media":0,"parent":0,"menu_order":0,"comment_status":"closed","ping_status":"closed","template":"","meta":{"pmpro_default_level":"","_price":"","_stock":"","_tribe_ticket_header":"","_tribe_default_ticket_provider":"","_tribe_ticket_capacity":"0","_ticket_start_date":"","_ticket_end_date":"","_tribe_ticket_show_description":"","_tribe_ticket_show_not_going":false,"_tribe_ticket_use_global_stock":"","_tribe_ticket_global_stock_level":"","_global_stock_mode":"","_global_stock_cap":"","_tribe_rsvp_for_event":"","_tribe_ticket_going_count":"","_tribe_ticket_not_going_count":"","_tribe_tickets_list":"[]","_tribe_ticket_has_attendee_info_fields":false,"footnotes":"","_tec_slr_enabled":"","_tec_slr_layout":""},"class_list":["post-1590","page","type-page","status-publish","hentry","pmpro-has-access"],"aioseo_notices":[],"ticketed":false,"_links":{"self":[{"href":"https:\/\/ningjingqigong.com\/hu\/wp-json\/wp\/v2\/pages\/1590","targetHints":{"allow":["GET"]}}],"collection":[{"href":"https:\/\/ningjingqigong.com\/hu\/wp-json\/wp\/v2\/pages"}],"about":[{"href":"https:\/\/ningjingqigong.com\/hu\/wp-json\/wp\/v2\/types\/page"}],"author":[{"embeddable":true,"href":"https:\/\/ningjingqigong.com\/hu\/wp-json\/wp\/v2\/users\/1"}],"replies":[{"embeddable":true,"href":"https:\/\/ningjingqigong.com\/hu\/wp-json\/wp\/v2\/comments?post=1590"}],"version-history":[{"count":0,"href":"https:\/\/ningjingqigong.com\/hu\/wp-json\/wp\/v2\/pages\/1590\/revisions"}],"wp:attachment":[{"href":"https:\/\/ningjingqigong.com\/hu\/wp-json\/wp\/v2\/media?parent=1590"}],"curies":[{"name":"wp","href":"https:\/\/api.w.org\/{rel}","templated":true}]}}